{"id":465,"date":"2025-01-06T11:30:31","date_gmt":"2025-01-06T14:30:31","guid":{"rendered":"http:\/\/apecicon.net.br\/?page_id=465"},"modified":"2025-01-06T11:30:31","modified_gmt":"2025-01-06T14:30:31","slug":"publicacoes-copy","status":"publish","type":"page","link":"http:\/\/apecicon.net.br\/?page_id=465","title":{"rendered":"A HORA DA ACADEMIA"},"content":{"rendered":"\n<p>O programa A Hora da ACADEMIA \u00e9 uma atra\u00e7\u00e3o mensal da APECICON com temas relevantes para a Ci\u00eancia Cont\u00e1bil, apresentado por seus acad\u00eamicos e convidados eventuais.<\/p>\n\n\n\n<p>Confira a programa\u00e7\u00e3o no nosso canal do YouTube <a href=\"https:\/\/www.youtube.com\/channel\/UCSkUhOCFS1i7BZqK8HYtDig\">Academia Pernambucana de Ci\u00eancias Cont\u00e1beis &#8211; YouTube<\/a><\/p>\n\n\n\n<div class=\"wp-block-group is-vertical is-layout-flex wp-container-core-group-is-layout-1 wp-block-group-is-layout-flex\">\n<figure class=\"wp-block-gallery has-nested-images columns-default is-cropped wp-block-gallery-1 is-layout-flex wp-block-gallery-is-layout-flex\">\n<figure class=\"wp-block-image size-full is-resized\"><img loading=\"lazy\" decoding=\"async\" width=\"1587\" height=\"2245\" data-id=\"467\" src=\"http:\/\/apecicon.net.br\/wp-content\/uploads\/2025\/01\/A-Hora-da-ACADEMIA-ICMS-2.png\" alt=\"\" class=\"wp-image-467\" style=\"width:257px\" srcset=\"http:\/\/apecicon.net.br\/wp-content\/uploads\/2025\/01\/A-Hora-da-ACADEMIA-ICMS-2.png 1587w, http:\/\/apecicon.net.br\/wp-content\/uploads\/2025\/01\/A-Hora-da-ACADEMIA-ICMS-2-212x300.png 212w, http:\/\/apecicon.net.br\/wp-content\/uploads\/2025\/01\/A-Hora-da-ACADEMIA-ICMS-2-724x1024.png 724w, http:\/\/apecicon.net.br\/wp-content\/uploads\/2025\/01\/A-Hora-da-ACADEMIA-ICMS-2-768x1086.png 768w, http:\/\/apecicon.net.br\/wp-content\/uploads\/2025\/01\/A-Hora-da-ACADEMIA-ICMS-2-1086x1536.png 1086w, http:\/\/apecicon.net.br\/wp-content\/uploads\/2025\/01\/A-Hora-da-ACADEMIA-ICMS-2-1448x2048.png 1448w, http:\/\/apecicon.net.br\/wp-content\/uploads\/2025\/01\/A-Hora-da-ACADEMIA-ICMS-2-624x883.png 624w\" sizes=\"auto, (max-width: 1587px) 100vw, 1587px\" \/><\/figure>\n\n\n\n<figure class=\"wp-block-image size-full is-resized\"><img loading=\"lazy\" decoding=\"async\" width=\"1587\" height=\"2245\" data-id=\"468\" src=\"http:\/\/apecicon.net.br\/wp-content\/uploads\/2025\/01\/A-Hora-da-ACADEMIA-DCNs-para-19-06-24.png\" alt=\"\" class=\"wp-image-468\" style=\"width:257px\" srcset=\"http:\/\/apecicon.net.br\/wp-content\/uploads\/2025\/01\/A-Hora-da-ACADEMIA-DCNs-para-19-06-24.png 1587w, http:\/\/apecicon.net.br\/wp-content\/uploads\/2025\/01\/A-Hora-da-ACADEMIA-DCNs-para-19-06-24-212x300.png 212w, http:\/\/apecicon.net.br\/wp-content\/uploads\/2025\/01\/A-Hora-da-ACADEMIA-DCNs-para-19-06-24-724x1024.png 724w, http:\/\/apecicon.net.br\/wp-content\/uploads\/2025\/01\/A-Hora-da-ACADEMIA-DCNs-para-19-06-24-768x1086.png 768w, http:\/\/apecicon.net.br\/wp-content\/uploads\/2025\/01\/A-Hora-da-ACADEMIA-DCNs-para-19-06-24-1086x1536.png 1086w, http:\/\/apecicon.net.br\/wp-content\/uploads\/2025\/01\/A-Hora-da-ACADEMIA-DCNs-para-19-06-24-1448x2048.png 1448w, http:\/\/apecicon.net.br\/wp-content\/uploads\/2025\/01\/A-Hora-da-ACADEMIA-DCNs-para-19-06-24-624x883.png 624w\" sizes=\"auto, (max-width: 1587px) 100vw, 1587px\" \/><\/figure>\n\n\n\n<figure class=\"wp-block-image size-full is-resized\"><img loading=\"lazy\" decoding=\"async\" width=\"1587\" height=\"2245\" data-id=\"469\" src=\"http:\/\/apecicon.net.br\/wp-content\/uploads\/2025\/01\/A-Hora-da-ACADEMIA-PVCC.png\" alt=\"\" class=\"wp-image-469\" style=\"width:257px\" srcset=\"http:\/\/apecicon.net.br\/wp-content\/uploads\/2025\/01\/A-Hora-da-ACADEMIA-PVCC.png 1587w, http:\/\/apecicon.net.br\/wp-content\/uploads\/2025\/01\/A-Hora-da-ACADEMIA-PVCC-212x300.png 212w, http:\/\/apecicon.net.br\/wp-content\/uploads\/2025\/01\/A-Hora-da-ACADEMIA-PVCC-724x1024.png 724w, http:\/\/apecicon.net.br\/wp-content\/uploads\/2025\/01\/A-Hora-da-ACADEMIA-PVCC-768x1086.png 768w, http:\/\/apecicon.net.br\/wp-content\/uploads\/2025\/01\/A-Hora-da-ACADEMIA-PVCC-1086x1536.png 1086w, http:\/\/apecicon.net.br\/wp-content\/uploads\/2025\/01\/A-Hora-da-ACADEMIA-PVCC-1448x2048.png 1448w, http:\/\/apecicon.net.br\/wp-content\/uploads\/2025\/01\/A-Hora-da-ACADEMIA-PVCC-624x883.png 624w\" sizes=\"auto, (max-width: 1587px) 100vw, 1587px\" \/><\/figure>\n<\/figure>\n\n\n\n<figure class=\"wp-block-gallery has-nested-images columns-3 is-cropped wp-block-gallery-2 is-layout-flex wp-block-gallery-is-layout-flex\">\n<figure class=\"wp-block-image size-full is-resized\"><img loading=\"lazy\" decoding=\"async\" width=\"1587\" height=\"2245\" data-id=\"477\" src=\"http:\/\/apecicon.net.br\/wp-content\/uploads\/2025\/01\/A-Hora-da-ACADEMIA-Reforma-Triburaria-3.png\" alt=\"\" class=\"wp-image-477\" style=\"width:257px\" srcset=\"http:\/\/apecicon.net.br\/wp-content\/uploads\/2025\/01\/A-Hora-da-ACADEMIA-Reforma-Triburaria-3.png 1587w, http:\/\/apecicon.net.br\/wp-content\/uploads\/2025\/01\/A-Hora-da-ACADEMIA-Reforma-Triburaria-3-212x300.png 212w, http:\/\/apecicon.net.br\/wp-content\/uploads\/2025\/01\/A-Hora-da-ACADEMIA-Reforma-Triburaria-3-724x1024.png 724w, http:\/\/apecicon.net.br\/wp-content\/uploads\/2025\/01\/A-Hora-da-ACADEMIA-Reforma-Triburaria-3-768x1086.png 768w, http:\/\/apecicon.net.br\/wp-content\/uploads\/2025\/01\/A-Hora-da-ACADEMIA-Reforma-Triburaria-3-1086x1536.png 1086w, http:\/\/apecicon.net.br\/wp-content\/uploads\/2025\/01\/A-Hora-da-ACADEMIA-Reforma-Triburaria-3-1448x2048.png 1448w, http:\/\/apecicon.net.br\/wp-content\/uploads\/2025\/01\/A-Hora-da-ACADEMIA-Reforma-Triburaria-3-624x883.png 624w\" sizes=\"auto, (max-width: 1587px) 100vw, 1587px\" \/><\/figure>\n\n\n\n<figure class=\"wp-block-image size-full is-resized\"><img loading=\"lazy\" decoding=\"async\" width=\"1587\" height=\"2245\" data-id=\"478\" src=\"http:\/\/apecicon.net.br\/wp-content\/uploads\/2025\/01\/A-Hora-da-ACADEMIA-Pericia-Contabil-1.png\" alt=\"\" class=\"wp-image-478\" style=\"width:257px\" srcset=\"http:\/\/apecicon.net.br\/wp-content\/uploads\/2025\/01\/A-Hora-da-ACADEMIA-Pericia-Contabil-1.png 1587w, http:\/\/apecicon.net.br\/wp-content\/uploads\/2025\/01\/A-Hora-da-ACADEMIA-Pericia-Contabil-1-212x300.png 212w, http:\/\/apecicon.net.br\/wp-content\/uploads\/2025\/01\/A-Hora-da-ACADEMIA-Pericia-Contabil-1-724x1024.png 724w, http:\/\/apecicon.net.br\/wp-content\/uploads\/2025\/01\/A-Hora-da-ACADEMIA-Pericia-Contabil-1-768x1086.png 768w, http:\/\/apecicon.net.br\/wp-content\/uploads\/2025\/01\/A-Hora-da-ACADEMIA-Pericia-Contabil-1-1086x1536.png 1086w, http:\/\/apecicon.net.br\/wp-content\/uploads\/2025\/01\/A-Hora-da-ACADEMIA-Pericia-Contabil-1-1448x2048.png 1448w, http:\/\/apecicon.net.br\/wp-content\/uploads\/2025\/01\/A-Hora-da-ACADEMIA-Pericia-Contabil-1-624x883.png 624w\" sizes=\"auto, (max-width: 1587px) 100vw, 1587px\" \/><\/figure>\n\n\n\n<figure class=\"wp-block-image size-full is-resized\"><img loading=\"lazy\" decoding=\"async\" width=\"1587\" height=\"2245\" data-id=\"479\" src=\"http:\/\/apecicon.net.br\/wp-content\/uploads\/2025\/01\/A-Hora-da-ACADEMIA-PIS_COFINS.png\" alt=\"\" class=\"wp-image-479\" style=\"width:257px\" srcset=\"http:\/\/apecicon.net.br\/wp-content\/uploads\/2025\/01\/A-Hora-da-ACADEMIA-PIS_COFINS.png 1587w, http:\/\/apecicon.net.br\/wp-content\/uploads\/2025\/01\/A-Hora-da-ACADEMIA-PIS_COFINS-212x300.png 212w, http:\/\/apecicon.net.br\/wp-content\/uploads\/2025\/01\/A-Hora-da-ACADEMIA-PIS_COFINS-724x1024.png 724w, http:\/\/apecicon.net.br\/wp-content\/uploads\/2025\/01\/A-Hora-da-ACADEMIA-PIS_COFINS-768x1086.png 768w, http:\/\/apecicon.net.br\/wp-content\/uploads\/2025\/01\/A-Hora-da-ACADEMIA-PIS_COFINS-1086x1536.png 1086w, http:\/\/apecicon.net.br\/wp-content\/uploads\/2025\/01\/A-Hora-da-ACADEMIA-PIS_COFINS-1448x2048.png 1448w, http:\/\/apecicon.net.br\/wp-content\/uploads\/2025\/01\/A-Hora-da-ACADEMIA-PIS_COFINS-624x883.png 624w\" sizes=\"auto, (max-width: 1587px) 100vw, 1587px\" \/><\/figure>\n<\/figure>\n\n\n\n<figure class=\"wp-block-gallery has-nested-images columns-3 is-cropped wp-block-gallery-3 is-layout-flex wp-block-gallery-is-layout-flex\">\n<figure class=\"wp-block-image size-full is-resized\"><img loading=\"lazy\" decoding=\"async\" width=\"514\" height=\"727\" data-id=\"480\" src=\"http:\/\/apecicon.net.br\/wp-content\/uploads\/2025\/01\/Live-27-11-24.png\" alt=\"\" class=\"wp-image-480\" style=\"width:257px\" srcset=\"http:\/\/apecicon.net.br\/wp-content\/uploads\/2025\/01\/Live-27-11-24.png 514w, http:\/\/apecicon.net.br\/wp-content\/uploads\/2025\/01\/Live-27-11-24-212x300.png 212w\" sizes=\"auto, (max-width: 514px) 100vw, 514px\" \/><\/figure>\n\n\n\n<figure class=\"wp-block-image size-full is-resized\"><img loading=\"lazy\" decoding=\"async\" width=\"586\" height=\"828\" data-id=\"481\" src=\"http:\/\/apecicon.net.br\/wp-content\/uploads\/2025\/01\/Live-13-12-24.png\" alt=\"\" class=\"wp-image-481\" style=\"width:257px\" srcset=\"http:\/\/apecicon.net.br\/wp-content\/uploads\/2025\/01\/Live-13-12-24.png 586w, http:\/\/apecicon.net.br\/wp-content\/uploads\/2025\/01\/Live-13-12-24-212x300.png 212w\" sizes=\"auto, (max-width: 586px) 100vw, 586px\" \/><\/figure>\n<\/figure>\n<\/div>\n","protected":false},"excerpt":{"rendered":"<p>O programa A Hora da ACADEMIA \u00e9 uma atra\u00e7\u00e3o mensal da APECICON com temas relevantes para a Ci\u00eancia Cont\u00e1bil, apresentado por seus acad\u00eamicos e convidados eventuais. Confira a programa\u00e7\u00e3o no nosso canal do YouTube Academia Pernambucana de Ci\u00eancias Cont\u00e1beis &#8211; YouTube<\/p>\n","protected":false},"author":1,"featured_media":0,"parent":10,"menu_order":6,"comment_status":"closed","ping_status":"closed","template":"","meta":{"neve_meta_sidebar":"","neve_meta_container":"","neve_meta_enable_content_width":"","neve_meta_content_width":0,"neve_meta_title_alignment":"","neve_meta_author_avatar":"","neve_post_elements_order":"","neve_meta_disable_header":"","neve_meta_disable_footer":"","neve_meta_disable_title":"","_themeisle_gutenberg_block_has_review":false,"footnotes":""},"class_list":["post-465","page","type-page","status-publish","hentry"],"_links":{"self":[{"href":"http:\/\/apecicon.net.br\/index.php?rest_route=\/wp\/v2\/pages\/465","targetHints":{"allow":["GET"]}}],"collection":[{"href":"http:\/\/apecicon.net.br\/index.php?rest_route=\/wp\/v2\/pages"}],"about":[{"href":"http:\/\/apecicon.net.br\/index.php?rest_route=\/wp\/v2\/types\/page"}],"author":[{"embeddable":true,"href":"http:\/\/apecicon.net.br\/index.php?rest_route=\/wp\/v2\/users\/1"}],"replies":[{"embeddable":true,"href":"http:\/\/apecicon.net.br\/index.php?rest_route=%2Fwp%2Fv2%2Fcomments&post=465"}],"version-history":[{"count":5,"href":"http:\/\/apecicon.net.br\/index.php?rest_route=\/wp\/v2\/pages\/465\/revisions"}],"predecessor-version":[{"id":483,"href":"http:\/\/apecicon.net.br\/index.php?rest_route=\/wp\/v2\/pages\/465\/revisions\/483"}],"up":[{"embeddable":true,"href":"http:\/\/apecicon.net.br\/index.php?rest_route=\/wp\/v2\/pages\/10"}],"wp:attachment":[{"href":"http:\/\/apecicon.net.br\/index.php?rest_route=%2Fwp%2Fv2%2Fmedia&parent=465"}],"curies":[{"name":"wp","href":"https:\/\/api.w.org\/{rel}","templated":true}]}}