{"id":553,"date":"2025-01-07T10:39:38","date_gmt":"2025-01-07T13:39:38","guid":{"rendered":"http:\/\/apecicon.net.br\/?page_id=553"},"modified":"2025-03-12T16:56:29","modified_gmt":"2025-03-12T19:56:29","slug":"noticias","status":"publish","type":"page","link":"http:\/\/apecicon.net.br\/?page_id=553","title":{"rendered":"NOT\u00cdCIAS"},"content":{"rendered":"\n<h2 class=\"wp-block-heading\">IMPOSTO DE RENDA<\/h2>\n\n\n\n<figure class=\"wp-block-embed is-type-video is-provider-youtube wp-block-embed-youtube wp-embed-aspect-16-9 wp-has-aspect-ratio\"><div class=\"wp-block-embed__wrapper\">\n<div class=\"nv-iframe-embed\"><iframe loading=\"lazy\" title=\"Bom Dia PE   Imposto de Renda  tudo o que voc\u00ea precisa saber para fazer a declara\u00e7\u00e3o do IR   Globopl\" width=\"1200\" height=\"675\" src=\"https:\/\/www.youtube.com\/embed\/oo1E2-NNAUM?feature=oembed\" frameborder=\"0\" allow=\"accelerometer; autoplay; clipboard-write; encrypted-media; gyroscope; picture-in-picture; web-share\" referrerpolicy=\"strict-origin-when-cross-origin\" allowfullscreen><\/iframe><\/div>\n<\/div><\/figure>\n\n\n\n<h2 class=\"wp-block-heading\">CRC EM FOCO<\/h2>\n\n\n\n<div id=\"wp-block-themeisle-blocks-slider-0a77e305\" class=\"wp-block-themeisle-blocks-slider glide\" data-per-view=\"1\" data-gap=\"0\" data-peek=\"0\" data-autoplay=\"true\" data-height=\"\" data-hide-arrows=\"false\"><div class=\"glide__track\" data-glide-el=\"track\"><div class=\"glide__slides\"><div class=\"wp-block-themeisle-blocks-slider-item-wrapper glide__slide\" tabindex=\"0\"><figure><img decoding=\"async\" class=\"wp-block-themeisle-blocks-slider-item\" src=\"http:\/\/apecicon.net.br\/wp-content\/uploads\/2025\/01\/CRC2-1.jpeg\" alt=\"\" title=\"\" data-id=\"850\"\/><\/figure><\/div><div class=\"wp-block-themeisle-blocks-slider-item-wrapper glide__slide\" tabindex=\"0\"><figure><img decoding=\"async\" class=\"wp-block-themeisle-blocks-slider-item\" src=\"http:\/\/apecicon.net.br\/wp-content\/uploads\/2025\/01\/CRC1-1.jpeg\" alt=\"\" title=\"\" data-id=\"849\"\/><\/figure><\/div><div class=\"wp-block-themeisle-blocks-slider-item-wrapper glide__slide\" tabindex=\"0\"><figure><img decoding=\"async\" class=\"wp-block-themeisle-blocks-slider-item\" src=\"http:\/\/apecicon.net.br\/wp-content\/uploads\/2025\/01\/CRC3.jpeg\" alt=\"\" title=\"\" data-id=\"848\"\/><\/figure><\/div><\/div><div class=\"glide__bullets\" data-glide-el=\"controls[nav]\"><button class=\"glide__bullet\" data-glide-dir=\"=0\"><\/button><button class=\"glide__bullet\" data-glide-dir=\"=1\"><\/button><button class=\"glide__bullet\" data-glide-dir=\"=2\"><\/button><\/div><\/div><\/div>\n\n\n\n<h2 class=\"wp-block-heading\">Destaque no Jornal do Commercio &#8211; Pernambuco 08\/01\/25<\/h2>\n\n\n\n<figure class=\"wp-block-image size-large\"><img loading=\"lazy\" decoding=\"async\" width=\"665\" height=\"1024\" src=\"http:\/\/apecicon.net.br\/wp-content\/uploads\/2025\/01\/Nota-JC-665x1024.jpg\" alt=\"\" class=\"wp-image-754\" srcset=\"http:\/\/apecicon.net.br\/wp-content\/uploads\/2025\/01\/Nota-JC-665x1024.jpg 665w, http:\/\/apecicon.net.br\/wp-content\/uploads\/2025\/01\/Nota-JC-195x300.jpg 195w, http:\/\/apecicon.net.br\/wp-content\/uploads\/2025\/01\/Nota-JC.jpg 720w\" sizes=\"auto, (max-width: 665px) 100vw, 665px\" \/><\/figure>\n\n\n\n<figure class=\"wp-block-image size-large is-resized\"><img loading=\"lazy\" decoding=\"async\" width=\"1024\" height=\"1024\" src=\"http:\/\/apecicon.net.br\/wp-content\/uploads\/2025\/01\/Capa-posse-3-1024x1024.png\" alt=\"\" class=\"wp-image-554\" style=\"width:544px;height:auto\" srcset=\"http:\/\/apecicon.net.br\/wp-content\/uploads\/2025\/01\/Capa-posse-3-1024x1024.png 1024w, http:\/\/apecicon.net.br\/wp-content\/uploads\/2025\/01\/Capa-posse-3-300x300.png 300w, http:\/\/apecicon.net.br\/wp-content\/uploads\/2025\/01\/Capa-posse-3-150x150.png 150w, http:\/\/apecicon.net.br\/wp-content\/uploads\/2025\/01\/Capa-posse-3-768x768.png 768w, http:\/\/apecicon.net.br\/wp-content\/uploads\/2025\/01\/Capa-posse-3-624x624.png 624w, http:\/\/apecicon.net.br\/wp-content\/uploads\/2025\/01\/Capa-posse-3.png 1080w\" sizes=\"auto, (max-width: 1024px) 100vw, 1024px\" \/><\/figure>\n\n\n\n<h2 class=\"wp-block-heading\">Nova Diretoria da APECICON para o tri\u00eanio 2025-2027 tomou posse no \u00faltimo dia 04\/12\/24 na Sede do CRC\/PE.<\/h2>\n\n\n\n<p>A abertura foi iniciada com a fala do presidente do CRCPE, Roberto Nascimento, que tamb\u00e9m \u00e9 membro da entidade e expressou o orgulho em receber o ACADEMICON na sede do Conselho. Em sua fala, destacou a import\u00e2ncia de eventos como este para o fortalecimento da contabilidade e o simbolismo de uma celebra\u00e7\u00e3o t\u00e3o significativa acontecer no espa\u00e7o do CRCPE.<\/p>\n\n\n\n<p>Um dos momentos mais marcantes da solenidade foi o discurso da nova presidente da APECICON, Cacilda Soares de Andrade, a primeira mulher a assumir o cargo na Academia. Em sua fala, Cacilda enfatizou a import\u00e2ncia da representatividade feminina na lideran\u00e7a cont\u00e1bil, destacando o impacto desse marco para toda a classe. Ela tamb\u00e9m prestou uma emocionante homenagem ao professor Francisco de Assis Galv\u00e3o Barreto Pinho, que encerrou uma d\u00e9cada de lideran\u00e7a \u00e0 frente da APECICON. Com imagens que revisitaram momentos de sua gest\u00e3o, Cacilda ressaltou o legado de Francisco Galv\u00e3o, enaltecendo sua dedica\u00e7\u00e3o e as conquistas alcan\u00e7adas durante os dez anos em que esteve \u00e0 frente da institui\u00e7\u00e3o.<\/p>\n\n\n\n<p>O professor Galv\u00e3o tamb\u00e9m fez seu discurso de despedida, no qual expressou gratid\u00e3o pela confian\u00e7a da classe cont\u00e1bil e destacou os avan\u00e7os realizados durante sua gest\u00e3o. Em um tom emotivo, reafirmou seu compromisso com o fortalecimento da Academia e agradeceu a todos que colaboraram para o sucesso de sua trajet\u00f3ria.<\/p>\n\n\n\n<p>A programa\u00e7\u00e3o do evento contou ainda com a posse da nova diretoria e do Conselho Fiscal para a gest\u00e3o 2025\/2027, refor\u00e7ando o compromisso da APECICON com a continuidade e o futuro da contabilidade. Outro destaque foi a palestra ministrada pelo Prof. Dr. Liberalquino Ferreira, que abordou &#8220;A Vis\u00e3o da Academia Perante o Sistema Cont\u00e1bil&#8221;. Durante a solenidade, tamb\u00e9m houve a entrega da Medalha de M\u00e9rito Acad\u00eamico Professor Doutor Francisco Ribeiro Filho, concedida \u00e0 Profa. Dra. Christianne Calado Vieira de Melo Lopes.&nbsp;<\/p>\n\n\n\n<p>Fonte: CRC\/PE<\/p>\n\n\n\n<figure class=\"wp-block-image size-large\"><img loading=\"lazy\" decoding=\"async\" width=\"1024\" height=\"1024\" src=\"http:\/\/apecicon.net.br\/wp-content\/uploads\/2025\/01\/2o-Lugar-1024x1024.jpg\" alt=\"\" class=\"wp-image-767\" srcset=\"http:\/\/apecicon.net.br\/wp-content\/uploads\/2025\/01\/2o-Lugar-1024x1024.jpg 1024w, http:\/\/apecicon.net.br\/wp-content\/uploads\/2025\/01\/2o-Lugar-300x300.jpg 300w, http:\/\/apecicon.net.br\/wp-content\/uploads\/2025\/01\/2o-Lugar-150x150.jpg 150w, http:\/\/apecicon.net.br\/wp-content\/uploads\/2025\/01\/2o-Lugar-768x768.jpg 768w, http:\/\/apecicon.net.br\/wp-content\/uploads\/2025\/01\/2o-Lugar.jpg 1080w\" sizes=\"auto, (max-width: 1024px) 100vw, 1024px\" \/><\/figure>\n","protected":false},"excerpt":{"rendered":"<p>IMPOSTO DE RENDA CRC EM FOCO Destaque no Jornal do Commercio &#8211; Pernambuco 08\/01\/25 Nova Diretoria da APECICON para o tri\u00eanio 2025-2027 tomou posse no \u00faltimo dia 04\/12\/24 na Sede do CRC\/PE. A abertura foi iniciada com a fala do presidente do CRCPE, Roberto Nascimento, que tamb\u00e9m \u00e9 membro da entidade e expressou o orgulho&hellip;&nbsp;<a href=\"http:\/\/apecicon.net.br\/?page_id=553\" rel=\"bookmark\"><span class=\"screen-reader-text\">NOT\u00cdCIAS<\/span><\/a><\/p>\n","protected":false},"author":1,"featured_media":0,"parent":0,"menu_order":0,"comment_status":"closed","ping_status":"closed","template":"","meta":{"neve_meta_sidebar":"","neve_meta_container":"","neve_meta_enable_content_width":"","neve_meta_content_width":0,"neve_meta_title_alignment":"","neve_meta_author_avatar":"","neve_post_elements_order":"","neve_meta_disable_header":"","neve_meta_disable_footer":"","neve_meta_disable_title":"","_themeisle_gutenberg_block_has_review":false,"footnotes":""},"class_list":["post-553","page","type-page","status-publish","hentry"],"_links":{"self":[{"href":"http:\/\/apecicon.net.br\/index.php?rest_route=\/wp\/v2\/pages\/553","targetHints":{"allow":["GET"]}}],"collection":[{"href":"http:\/\/apecicon.net.br\/index.php?rest_route=\/wp\/v2\/pages"}],"about":[{"href":"http:\/\/apecicon.net.br\/index.php?rest_route=\/wp\/v2\/types\/page"}],"author":[{"embeddable":true,"href":"http:\/\/apecicon.net.br\/index.php?rest_route=\/wp\/v2\/users\/1"}],"replies":[{"embeddable":true,"href":"http:\/\/apecicon.net.br\/index.php?rest_route=%2Fwp%2Fv2%2Fcomments&post=553"}],"version-history":[{"count":15,"href":"http:\/\/apecicon.net.br\/index.php?rest_route=\/wp\/v2\/pages\/553\/revisions"}],"predecessor-version":[{"id":913,"href":"http:\/\/apecicon.net.br\/index.php?rest_route=\/wp\/v2\/pages\/553\/revisions\/913"}],"wp:attachment":[{"href":"http:\/\/apecicon.net.br\/index.php?rest_route=%2Fwp%2Fv2%2Fmedia&parent=553"}],"curies":[{"name":"wp","href":"https:\/\/api.w.org\/{rel}","templated":true}]}}