{"id":569,"date":"2025-01-07T11:29:40","date_gmt":"2025-01-07T14:29:40","guid":{"rendered":"http:\/\/apecicon.net.br\/?page_id=569"},"modified":"2025-01-07T19:03:25","modified_gmt":"2025-01-07T22:03:25","slug":"forum-pernambucano-de-coordenadores-de-cursos-de-ciencias-contabeis","status":"publish","type":"page","link":"http:\/\/apecicon.net.br\/?page_id=569","title":{"rendered":"F\u00d3RUM PERNAMBUCANO DE COORDENADORES DE CURSOS DE CI\u00caNCIAS CONT\u00c1BEIS"},"content":{"rendered":"\n<p>O F\u00f3rum Pernambucano de Coordenadores de Cursos de Ci\u00eancias Cont\u00e1beis tem o objetivo de reunir todos os envolvidos na elabora\u00e7\u00e3o e execu\u00e7\u00e3o do Projeto Pedag\u00f3gico em vista das Diretrizes Curriculares para o curso recentemente atualizadas.&nbsp;<\/p>\n\n\n\n<p>As reuni\u00f5es tanto podem ser presenciais como virtuais por meio da plataforma de cursos da APECICON.<\/p>\n\n\n\n<div id=\"wp-block-themeisle-blocks-slider-1c45f561\" class=\"wp-block-themeisle-blocks-slider glide\" data-per-view=\"1\" data-gap=\"0\" data-peek=\"0\" data-autoplay=\"true\" data-height=\"500px\" data-hide-arrows=\"false\"><div class=\"glide__track\" data-glide-el=\"track\"><div class=\"glide__slides\"><div class=\"wp-block-themeisle-blocks-slider-item-wrapper glide__slide\" tabindex=\"0\"><figure><img decoding=\"async\" class=\"wp-block-themeisle-blocks-slider-item\" src=\"http:\/\/apecicon.net.br\/wp-content\/uploads\/2025\/01\/Coordenadores-1-3.jpg\" alt=\"\" title=\"\" data-id=\"620\"\/><\/figure><\/div><div class=\"wp-block-themeisle-blocks-slider-item-wrapper glide__slide\" tabindex=\"0\"><figure><img decoding=\"async\" class=\"wp-block-themeisle-blocks-slider-item\" src=\"http:\/\/apecicon.net.br\/wp-content\/uploads\/2025\/01\/Coordenadores-2-3.jpg\" alt=\"\" title=\"\" data-id=\"621\"\/><\/figure><\/div><div class=\"wp-block-themeisle-blocks-slider-item-wrapper glide__slide\" tabindex=\"0\"><figure><img decoding=\"async\" class=\"wp-block-themeisle-blocks-slider-item\" src=\"http:\/\/apecicon.net.br\/wp-content\/uploads\/2025\/01\/Coordenadores-3-3.jpg\" alt=\"\" title=\"\" data-id=\"617\"\/><\/figure><\/div><div class=\"wp-block-themeisle-blocks-slider-item-wrapper glide__slide\" tabindex=\"0\"><figure><img decoding=\"async\" class=\"wp-block-themeisle-blocks-slider-item\" src=\"http:\/\/apecicon.net.br\/wp-content\/uploads\/2025\/01\/Coordenadores-4-3.jpg\" alt=\"\" title=\"\" data-id=\"618\"\/><\/figure><\/div><div class=\"wp-block-themeisle-blocks-slider-item-wrapper glide__slide\" tabindex=\"0\"><figure><img decoding=\"async\" class=\"wp-block-themeisle-blocks-slider-item\" src=\"http:\/\/apecicon.net.br\/wp-content\/uploads\/2025\/01\/Coordenadores-5-3.jpg\" alt=\"\" title=\"\" data-id=\"619\"\/><\/figure><\/div><div class=\"wp-block-themeisle-blocks-slider-item-wrapper glide__slide\" tabindex=\"0\"><figure><img decoding=\"async\" class=\"wp-block-themeisle-blocks-slider-item\" src=\"http:\/\/apecicon.net.br\/wp-content\/uploads\/2025\/01\/Coordenadores-6-3.jpg\" alt=\"\" title=\"\" data-id=\"622\"\/><\/figure><\/div><\/div><div class=\"glide__bullets\" data-glide-el=\"controls[nav]\"><button class=\"glide__bullet\" data-glide-dir=\"=0\"><\/button><button class=\"glide__bullet\" data-glide-dir=\"=1\"><\/button><button class=\"glide__bullet\" data-glide-dir=\"=2\"><\/button><button class=\"glide__bullet\" data-glide-dir=\"=3\"><\/button><button class=\"glide__bullet\" data-glide-dir=\"=4\"><\/button><button class=\"glide__bullet\" data-glide-dir=\"=5\"><\/button><\/div><\/div><\/div>\n","protected":false},"excerpt":{"rendered":"<p>O F\u00f3rum Pernambucano de Coordenadores de Cursos de Ci\u00eancias Cont\u00e1beis tem o objetivo de reunir todos os envolvidos na elabora\u00e7\u00e3o e execu\u00e7\u00e3o do Projeto Pedag\u00f3gico em vista das Diretrizes Curriculares para o curso recentemente atualizadas.&nbsp; As reuni\u00f5es tanto podem ser presenciais como virtuais por meio da plataforma de cursos da APECICON.<\/p>\n","protected":false},"author":1,"featured_media":0,"parent":0,"menu_order":0,"comment_status":"closed","ping_status":"closed","template":"","meta":{"neve_meta_sidebar":"","neve_meta_container":"","neve_meta_enable_content_width":"","neve_meta_content_width":0,"neve_meta_title_alignment":"","neve_meta_author_avatar":"","neve_post_elements_order":"","neve_meta_disable_header":"","neve_meta_disable_footer":"","neve_meta_disable_title":"","_themeisle_gutenberg_block_has_review":false,"footnotes":""},"class_list":["post-569","page","type-page","status-publish","hentry"],"_links":{"self":[{"href":"http:\/\/apecicon.net.br\/index.php?rest_route=\/wp\/v2\/pages\/569","targetHints":{"allow":["GET"]}}],"collection":[{"href":"http:\/\/apecicon.net.br\/index.php?rest_route=\/wp\/v2\/pages"}],"about":[{"href":"http:\/\/apecicon.net.br\/index.php?rest_route=\/wp\/v2\/types\/page"}],"author":[{"embeddable":true,"href":"http:\/\/apecicon.net.br\/index.php?rest_route=\/wp\/v2\/users\/1"}],"replies":[{"embeddable":true,"href":"http:\/\/apecicon.net.br\/index.php?rest_route=%2Fwp%2Fv2%2Fcomments&post=569"}],"version-history":[{"count":4,"href":"http:\/\/apecicon.net.br\/index.php?rest_route=\/wp\/v2\/pages\/569\/revisions"}],"predecessor-version":[{"id":685,"href":"http:\/\/apecicon.net.br\/index.php?rest_route=\/wp\/v2\/pages\/569\/revisions\/685"}],"wp:attachment":[{"href":"http:\/\/apecicon.net.br\/index.php?rest_route=%2Fwp%2Fv2%2Fmedia&parent=569"}],"curies":[{"name":"wp","href":"https:\/\/api.w.org\/{rel}","templated":true}]}}