{"id":760,"date":"2025-01-08T17:34:40","date_gmt":"2025-01-08T20:34:40","guid":{"rendered":"http:\/\/apecicon.net.br\/?page_id=760"},"modified":"2025-01-08T17:38:41","modified_gmt":"2025-01-08T20:38:41","slug":"doacoes","status":"publish","type":"page","link":"http:\/\/apecicon.net.br\/?page_id=760","title":{"rendered":"DOA\u00c7\u00d5ES"},"content":{"rendered":"\n<p>A APECICON tem por MISS\u00c3O desenvolver, incentivar, valorizar, promover, disseminar o conhecimento cont\u00e1bil, t\u00e9cnico e cient\u00edfico, atrav\u00e9s da iniciativa, engajamento e comprometimento dos profissionais e outras institui\u00e7\u00f5es representativas da classe cont\u00e1bil, de car\u00e1ter organizacional, filantr\u00f3pico, assistencial, promocional, recreativo e educacional, sem cunho pol\u00edtico ou partid\u00e1rio, para atender a todos que a ela se dirigirem, independente de classe social, nacionalidade, sexo, ra\u00e7a, cor ou cren\u00e7a religiosa.<\/p>\n\n\n\n<p>Para dar continuidade aos seus objetivos, a APECICON custeia seus projetos institucionais por meio da contribui\u00e7\u00e3o de seus membros acad\u00eamicos e de doa\u00e7\u00f5es de pessoas f\u00edsicas e jur\u00eddicas interessadas em nossa atividade para fomentar a Ci\u00eancia Cont\u00e1bil. <\/p>\n\n\n\n<p>Ajude a APECICON a alcan\u00e7ar seu objetivo geral de promover, divulgar, valorizar e incentivar o desenvolvimento do conhecimento cont\u00e1bil fazendo sua doa\u00e7\u00e3o.<\/p>\n\n\n\n<figure class=\"wp-block-pullquote\"><blockquote><p>Academia Pernambucana de Ci\u00eancias Cont\u00e1beis<br>CAIXA ECON\u00d4MICA FEDERAL<br>CHAVE PIX: CNPJ 13.503.295\/0001-60<br><\/p><\/blockquote><\/figure>\n","protected":false},"excerpt":{"rendered":"<p>A APECICON tem por MISS\u00c3O desenvolver, incentivar, valorizar, promover, disseminar o conhecimento cont\u00e1bil, t\u00e9cnico e cient\u00edfico, atrav\u00e9s da iniciativa, engajamento e comprometimento dos profissionais e outras institui\u00e7\u00f5es representativas da classe cont\u00e1bil, de car\u00e1ter organizacional, filantr\u00f3pico, assistencial, promocional, recreativo e educacional, sem cunho pol\u00edtico ou partid\u00e1rio, para atender a todos que a ela se dirigirem, independente&hellip;&nbsp;<a href=\"http:\/\/apecicon.net.br\/?page_id=760\" rel=\"bookmark\"><span class=\"screen-reader-text\">DOA\u00c7\u00d5ES<\/span><\/a><\/p>\n","protected":false},"author":1,"featured_media":0,"parent":0,"menu_order":0,"comment_status":"closed","ping_status":"closed","template":"","meta":{"neve_meta_sidebar":"","neve_meta_container":"","neve_meta_enable_content_width":"","neve_meta_content_width":0,"neve_meta_title_alignment":"","neve_meta_author_avatar":"","neve_post_elements_order":"","neve_meta_disable_header":"","neve_meta_disable_footer":"","neve_meta_disable_title":"","_themeisle_gutenberg_block_has_review":false,"footnotes":""},"class_list":["post-760","page","type-page","status-publish","hentry"],"_links":{"self":[{"href":"http:\/\/apecicon.net.br\/index.php?rest_route=\/wp\/v2\/pages\/760","targetHints":{"allow":["GET"]}}],"collection":[{"href":"http:\/\/apecicon.net.br\/index.php?rest_route=\/wp\/v2\/pages"}],"about":[{"href":"http:\/\/apecicon.net.br\/index.php?rest_route=\/wp\/v2\/types\/page"}],"author":[{"embeddable":true,"href":"http:\/\/apecicon.net.br\/index.php?rest_route=\/wp\/v2\/users\/1"}],"replies":[{"embeddable":true,"href":"http:\/\/apecicon.net.br\/index.php?rest_route=%2Fwp%2Fv2%2Fcomments&post=760"}],"version-history":[{"count":4,"href":"http:\/\/apecicon.net.br\/index.php?rest_route=\/wp\/v2\/pages\/760\/revisions"}],"predecessor-version":[{"id":766,"href":"http:\/\/apecicon.net.br\/index.php?rest_route=\/wp\/v2\/pages\/760\/revisions\/766"}],"wp:attachment":[{"href":"http:\/\/apecicon.net.br\/index.php?rest_route=%2Fwp%2Fv2%2Fmedia&parent=760"}],"curies":[{"name":"wp","href":"https:\/\/api.w.org\/{rel}","templated":true}]}}