{"id":867,"date":"2025-03-10T09:07:35","date_gmt":"2025-03-10T12:07:35","guid":{"rendered":"http:\/\/apecicon.net.br\/?page_id=867"},"modified":"2025-03-10T09:07:35","modified_gmt":"2025-03-10T12:07:35","slug":"transparencia","status":"publish","type":"page","link":"http:\/\/apecicon.net.br\/?page_id=867","title":{"rendered":"TRANSPAR\u00caNCIA"},"content":{"rendered":"\n<h2 class=\"wp-block-heading\">DEMONSTRA\u00c7\u00d5ES CONT\u00c1BEIS 2024<\/h2>\n\n\n\n<h2 class=\"wp-block-heading\">Balan\u00e7o Patrimonial<\/h2>\n\n\n\n<figure class=\"wp-block-image size-full is-resized\"><img loading=\"lazy\" decoding=\"async\" width=\"2461\" height=\"2560\" src=\"http:\/\/apecicon.net.br\/wp-content\/uploads\/2025\/03\/Balanco-2024-6-scaled.jpg\" alt=\"\" class=\"wp-image-890\" style=\"width:947px;height:auto\" srcset=\"http:\/\/apecicon.net.br\/wp-content\/uploads\/2025\/03\/Balanco-2024-6-scaled.jpg 2461w, http:\/\/apecicon.net.br\/wp-content\/uploads\/2025\/03\/Balanco-2024-6-288x300.jpg 288w, http:\/\/apecicon.net.br\/wp-content\/uploads\/2025\/03\/Balanco-2024-6-984x1024.jpg 984w, http:\/\/apecicon.net.br\/wp-content\/uploads\/2025\/03\/Balanco-2024-6-768x799.jpg 768w, http:\/\/apecicon.net.br\/wp-content\/uploads\/2025\/03\/Balanco-2024-6-1476x1536.jpg 1476w, http:\/\/apecicon.net.br\/wp-content\/uploads\/2025\/03\/Balanco-2024-6-1969x2048.jpg 1969w\" sizes=\"auto, (max-width: 2461px) 100vw, 2461px\" \/><\/figure>\n\n\n\n<h2 class=\"wp-block-heading\">Demonstra\u00e7\u00e3o do Resultado do Exerc\u00edcio<\/h2>\n\n\n\n<figure class=\"wp-block-image size-full\"><img loading=\"lazy\" decoding=\"async\" width=\"2481\" height=\"2486\" src=\"http:\/\/apecicon.net.br\/wp-content\/uploads\/2025\/03\/DRE-2024-4.jpg\" alt=\"\" class=\"wp-image-891\" srcset=\"http:\/\/apecicon.net.br\/wp-content\/uploads\/2025\/03\/DRE-2024-4.jpg 2481w, http:\/\/apecicon.net.br\/wp-content\/uploads\/2025\/03\/DRE-2024-4-300x300.jpg 300w, http:\/\/apecicon.net.br\/wp-content\/uploads\/2025\/03\/DRE-2024-4-1022x1024.jpg 1022w, http:\/\/apecicon.net.br\/wp-content\/uploads\/2025\/03\/DRE-2024-4-150x150.jpg 150w, http:\/\/apecicon.net.br\/wp-content\/uploads\/2025\/03\/DRE-2024-4-768x770.jpg 768w, http:\/\/apecicon.net.br\/wp-content\/uploads\/2025\/03\/DRE-2024-4-1533x1536.jpg 1533w, http:\/\/apecicon.net.br\/wp-content\/uploads\/2025\/03\/DRE-2024-4-2044x2048.jpg 2044w\" sizes=\"auto, (max-width: 2481px) 100vw, 2481px\" \/><\/figure>\n\n\n\n<h2 class=\"wp-block-heading\">Parecer do Conselho Fiscal<\/h2>\n\n\n\n<figure class=\"wp-block-image size-full is-resized\"><img loading=\"lazy\" decoding=\"async\" width=\"724\" height=\"1024\" src=\"http:\/\/apecicon.net.br\/wp-content\/uploads\/2025\/03\/Parecer-CF-2024-1.png\" alt=\"\" class=\"wp-image-895\" style=\"width:1170px;height:auto\" srcset=\"http:\/\/apecicon.net.br\/wp-content\/uploads\/2025\/03\/Parecer-CF-2024-1.png 724w, http:\/\/apecicon.net.br\/wp-content\/uploads\/2025\/03\/Parecer-CF-2024-1-212x300.png 212w\" sizes=\"auto, (max-width: 724px) 100vw, 724px\" \/><\/figure>\n\n\n\n<p><\/p>\n","protected":false},"excerpt":{"rendered":"<p>DEMONSTRA\u00c7\u00d5ES CONT\u00c1BEIS 2024 Balan\u00e7o Patrimonial Demonstra\u00e7\u00e3o do Resultado do Exerc\u00edcio Parecer do Conselho Fiscal<\/p>\n","protected":false},"author":1,"featured_media":0,"parent":0,"menu_order":0,"comment_status":"closed","ping_status":"closed","template":"","meta":{"neve_meta_sidebar":"","neve_meta_container":"","neve_meta_enable_content_width":"","neve_meta_content_width":0,"neve_meta_title_alignment":"","neve_meta_author_avatar":"","neve_post_elements_order":"","neve_meta_disable_header":"","neve_meta_disable_footer":"","neve_meta_disable_title":"","_themeisle_gutenberg_block_has_review":false,"footnotes":""},"class_list":["post-867","page","type-page","status-publish","hentry"],"_links":{"self":[{"href":"http:\/\/apecicon.net.br\/index.php?rest_route=\/wp\/v2\/pages\/867","targetHints":{"allow":["GET"]}}],"collection":[{"href":"http:\/\/apecicon.net.br\/index.php?rest_route=\/wp\/v2\/pages"}],"about":[{"href":"http:\/\/apecicon.net.br\/index.php?rest_route=\/wp\/v2\/types\/page"}],"author":[{"embeddable":true,"href":"http:\/\/apecicon.net.br\/index.php?rest_route=\/wp\/v2\/users\/1"}],"replies":[{"embeddable":true,"href":"http:\/\/apecicon.net.br\/index.php?rest_route=%2Fwp%2Fv2%2Fcomments&post=867"}],"version-history":[{"count":12,"href":"http:\/\/apecicon.net.br\/index.php?rest_route=\/wp\/v2\/pages\/867\/revisions"}],"predecessor-version":[{"id":896,"href":"http:\/\/apecicon.net.br\/index.php?rest_route=\/wp\/v2\/pages\/867\/revisions\/896"}],"wp:attachment":[{"href":"http:\/\/apecicon.net.br\/index.php?rest_route=%2Fwp%2Fv2%2Fmedia&parent=867"}],"curies":[{"name":"wp","href":"https:\/\/api.w.org\/{rel}","templated":true}]}}